{"id":1352,"date":"2022-05-12T09:58:30","date_gmt":"2022-05-12T09:58:30","guid":{"rendered":"https:\/\/metalkos.eu\/sklep\/?post_type=product&#038;p=1352"},"modified":"2026-04-13T09:14:56","modified_gmt":"2026-04-13T09:14:56","slug":"ogrodzenie-u-12a-2m-do-wbetonowania-ocynk","status":"publish","type":"product","link":"https:\/\/metalkos.eu\/sklep\/shop\/ogrodzenie-u-12a-2m-do-wbetonowania-ocynk\/","title":{"rendered":"Bariera ogrodzenie U-12a 2m do wbetonowania (ocynk)"},"content":{"rendered":"<h2>Bariera U-12a &#8211; 2m do wbetonowania<\/h2>\n<p>Celem zastosowania ogrodze\u0144 <strong>U-12a<\/strong> jest ochrona pieszych, rowerzyst\u00f3w, a tak\u017ce innych uczestnik\u00f3w ruchu przed nieprawid\u0142owymi zachowaniami jak nag\u0142e wej\u015bcie pieszych na jezdni\u0119, torowisko tramwajowe czy kolejowe lub skarp\u0119 nasypu albo przekraczanie jezdni w miejscach niedozwolonych.<\/p>\n<p>Ogrodzenia mog\u0105 by\u0107 m.in. wykorzystywane r\u00f3wnie\u017c do kanalizowania ruchu pieszych i rowerzyst\u00f3w na niekt\u00f3rych ci\u0105gach komunikacyjnych. Celem zastosowania ogrodze\u0144 jest powstrzymywanie oraz zabezpieczenie pieszych i rowerzyst\u00f3w przed upadkiem z wysoko\u015bci po\u0142o\u017conych powy\u017cej 0,5 m ponad poziom terenu.<\/p>\n<p><strong>Parametry techniczne*:<\/strong><\/p>\n<p>D\u0142ugo\u015b\u0107: 1500mm, 2000mm<br \/>\nWysoko\u015b\u0107: 1600mm, 1700mm<br \/>\n\u015arednica ramy g\u0142\u00f3wnej: \u00d860,3mm, \u00d848,3mm<br \/>\n\u015arednica pochwytu: \u00d848,3mm, \u00d842,4mm<br \/>\nMateria\u0142: Stal ocynkowana<br \/>\nMalowanie: proszkowe, kolor do ustalenia, paleta RAL<br \/>\nMonta\u017c: do wbetonowania w ziemi<\/p>\n<p>*ogrodzenia dost\u0119pne s\u0105 w r\u00f3\u017cnych konfiguracjach<\/p>\n<p>&nbsp;<\/p>\n<p>&nbsp;<\/p>\n<p>.<\/p>\n","protected":false},"excerpt":{"rendered":"<p>Producent: Metalkos<\/p>\n<p>Certyfikat dopuszczenia do u\u017cytku: 052-UWB-090<\/p>\n","protected":false},"featured_media":1691,"comment_status":"open","ping_status":"closed","template":"","meta":{"ocean_post_layout":"","ocean_both_sidebars_style":"","ocean_both_sidebars_content_width":0,"ocean_both_sidebars_sidebars_width":0,"ocean_sidebar":"0","ocean_second_sidebar":"0","ocean_disable_margins":"enable","ocean_add_body_class":"","ocean_shortcode_before_top_bar":"","ocean_shortcode_after_top_bar":"","ocean_shortcode_before_header":"","ocean_shortcode_after_header":"","ocean_has_shortcode":"","ocean_shortcode_after_title":"","ocean_shortcode_before_footer_widgets":"","ocean_shortcode_after_footer_widgets":"","ocean_shortcode_before_footer_bottom":"","ocean_shortcode_after_footer_bottom":"","ocean_display_top_bar":"default","ocean_display_header":"default","ocean_header_style":"","ocean_center_header_left_menu":"0","ocean_custom_header_template":"0","ocean_custom_logo":0,"ocean_custom_retina_logo":0,"ocean_custom_logo_max_width":0,"ocean_custom_logo_tablet_max_width":0,"ocean_custom_logo_mobile_max_width":0,"ocean_custom_logo_max_height":0,"ocean_custom_logo_tablet_max_height":0,"ocean_custom_logo_mobile_max_height":0,"ocean_header_custom_menu":"0","ocean_menu_typo_font_family":"0","ocean_menu_typo_font_subset":"","ocean_menu_typo_font_size":0,"ocean_menu_typo_font_size_tablet":0,"ocean_menu_typo_font_size_mobile":0,"ocean_menu_typo_font_size_unit":"px","ocean_menu_typo_font_weight":"","ocean_menu_typo_font_weight_tablet":"","ocean_menu_typo_font_weight_mobile":"","ocean_menu_typo_transform":"","ocean_menu_typo_transform_tablet":"","ocean_menu_typo_transform_mobile":"","ocean_menu_typo_line_height":0,"ocean_menu_typo_line_height_tablet":0,"ocean_menu_typo_line_height_mobile":0,"ocean_menu_typo_line_height_unit":"","ocean_menu_typo_spacing":0,"ocean_menu_typo_spacing_tablet":0,"ocean_menu_typo_spacing_mobile":0,"ocean_menu_typo_spacing_unit":"","ocean_menu_link_color":"","ocean_menu_link_color_hover":"","ocean_menu_link_color_active":"","ocean_menu_link_background":"","ocean_menu_link_hover_background":"","ocean_menu_link_active_background":"","ocean_menu_social_links_bg":"","ocean_menu_social_hover_links_bg":"","ocean_menu_social_links_color":"","ocean_menu_social_hover_links_color":"","ocean_disable_title":"default","ocean_disable_heading":"default","ocean_post_title":"","ocean_post_subheading":"","ocean_post_title_style":"","ocean_post_title_background_color":"","ocean_post_title_background":0,"ocean_post_title_bg_image_position":"","ocean_post_title_bg_image_attachment":"","ocean_post_title_bg_image_repeat":"","ocean_post_title_bg_image_size":"","ocean_post_title_height":0,"ocean_post_title_bg_overlay":0.5,"ocean_post_title_bg_overlay_color":"","ocean_disable_breadcrumbs":"default","ocean_breadcrumbs_color":"","ocean_breadcrumbs_separator_color":"","ocean_breadcrumbs_links_color":"","ocean_breadcrumbs_links_hover_color":"","ocean_display_footer_widgets":"default","ocean_display_footer_bottom":"default","ocean_custom_footer_template":"0"},"product_brand":[],"product_cat":[62,63],"product_tag":[],"class_list":{"0":"post-1352","1":"product","2":"type-product","3":"status-publish","4":"has-post-thumbnail","6":"product_cat-barierki-u-12a","7":"product_cat-dl-2m","9":"entry","10":"has-media","12":"first","13":"instock","14":"featured","15":"taxable","16":"shipping-taxable","17":"purchasable","18":"product-type-variable","19":"has-product-nav","20":"col","21":"span_1_of_3","22":"owp-content-center","23":"owp-thumbs-layout-horizontal","24":"owp-btn-normal","25":"owp-tabs-layout-horizontal","26":"has-no-thumbnails"},"_links":{"self":[{"href":"https:\/\/metalkos.eu\/sklep\/wp-json\/wp\/v2\/product\/1352","targetHints":{"allow":["GET"]}}],"collection":[{"href":"https:\/\/metalkos.eu\/sklep\/wp-json\/wp\/v2\/product"}],"about":[{"href":"https:\/\/metalkos.eu\/sklep\/wp-json\/wp\/v2\/types\/product"}],"replies":[{"embeddable":true,"href":"https:\/\/metalkos.eu\/sklep\/wp-json\/wp\/v2\/comments?post=1352"}],"wp:featuredmedia":[{"embeddable":true,"href":"https:\/\/metalkos.eu\/sklep\/wp-json\/wp\/v2\/media\/1691"}],"wp:attachment":[{"href":"https:\/\/metalkos.eu\/sklep\/wp-json\/wp\/v2\/media?parent=1352"}],"wp:term":[{"taxonomy":"product_brand","embeddable":true,"href":"https:\/\/metalkos.eu\/sklep\/wp-json\/wp\/v2\/product_brand?post=1352"},{"taxonomy":"product_cat","embeddable":true,"href":"https:\/\/metalkos.eu\/sklep\/wp-json\/wp\/v2\/product_cat?post=1352"},{"taxonomy":"product_tag","embeddable":true,"href":"https:\/\/metalkos.eu\/sklep\/wp-json\/wp\/v2\/product_tag?post=1352"}],"curies":[{"name":"wp","href":"https:\/\/api.w.org\/{rel}","templated":true}]}}