{"id":1652,"date":"2022-05-17T13:36:47","date_gmt":"2022-05-17T13:36:47","guid":{"rendered":"https:\/\/metalkos.eu\/sklep\/?post_type=product&#038;p=1652"},"modified":"2026-04-13T09:16:31","modified_gmt":"2026-04-13T09:16:31","slug":"bariera-u-11a-2m-do-wbetonowania-bialo-czerwona","status":"publish","type":"product","link":"https:\/\/metalkos.eu\/sklep\/shop\/bariera-u-11a-2m-do-wbetonowania-bialo-czerwona\/","title":{"rendered":"Bariera balustrada U-11a 2m do wbetonowania (bia\u0142o-czerwona)"},"content":{"rendered":"<p><strong>Bariera U-11a 2m do wbetonowania<\/strong><\/p>\n<p>Celem zastosowania balustrad jest ochrona pieszych, rowerzyst\u00f3w, a tak\u017ce innych uczestnik\u00f3w ruchu przed nieprawid\u0142owymi zachowaniami jak nag\u0142e wej\u015bcie pieszych na jezdni\u0119, torowisko tramwajowe czy kolejowe lub skarp\u0119 nasypu albo przekraczanie jezdni w miejscach niedozwolonych. Balustrady mog\u0105 by\u0107 m.in. wykorzystywane r\u00f3wnie\u017c do kanalizowania ruchu pieszych i rowerzyst\u00f3w na niekt\u00f3rych ci\u0105gach komunikacyjnych. Celem zastosowania balustrad jest powstrzymywanie oraz zabezpieczenie pieszych i rowerzyst\u00f3w przed upadkiem z wysoko\u015bci po\u0142o\u017conych powy\u017cej 0,5 m ponad poziom terenu.<\/p>\n<p>&nbsp;<\/p>\n<p><strong>\u00a0<\/strong><\/p>\n<p><strong>Parametry techniczne*:<\/strong><\/p>\n<p>D\u0142ugo\u015b\u0107<strong>: <\/strong>1500mm, 2000mm<\/p>\n<p>Wysoko\u015b\u0107: 1600mm, 1700mm<\/p>\n<p>\u015arednica ramy g\u0142\u00f3wnej: \u00d860,3mm, \u00d848,3mm<\/p>\n<p>\u015arednica pochwytu: \u00d848,3mm, \u00d842,4mm<\/p>\n<p>\u015arednica rurek(szczebllinek): \u00d820, \u00d816<\/p>\n<p>Materia\u0142: Stal ocynkowana<\/p>\n<p>Malowanie: proszkowe, kolor do ustalenia, paleta RAL<\/p>\n<p>Monta\u017c: do wbetonowania w ziemi<\/p>\n<p>&nbsp;<\/p>\n<p>&nbsp;<\/p>\n<p>*balustrady dost\u0119pne s\u0105 w r\u00f3\u017cnych konfiguracjach<\/p>\n","protected":false},"excerpt":{"rendered":"<p>Producent: Metalkos<\/p>\n<p>Certyfikat dopuszczenia do u\u017cytku: 052-UWB-090<\/p>\n","protected":false},"featured_media":1694,"comment_status":"open","ping_status":"closed","template":"","meta":{"ocean_post_layout":"","ocean_both_sidebars_style":"","ocean_both_sidebars_content_width":0,"ocean_both_sidebars_sidebars_width":0,"ocean_sidebar":"0","ocean_second_sidebar":"0","ocean_disable_margins":"enable","ocean_add_body_class":"","ocean_shortcode_before_top_bar":"","ocean_shortcode_after_top_bar":"","ocean_shortcode_before_header":"","ocean_shortcode_after_header":"","ocean_has_shortcode":"","ocean_shortcode_after_title":"","ocean_shortcode_before_footer_widgets":"","ocean_shortcode_after_footer_widgets":"","ocean_shortcode_before_footer_bottom":"","ocean_shortcode_after_footer_bottom":"","ocean_display_top_bar":"default","ocean_display_header":"default","ocean_header_style":"","ocean_center_header_left_menu":"0","ocean_custom_header_template":"0","ocean_custom_logo":0,"ocean_custom_retina_logo":0,"ocean_custom_logo_max_width":0,"ocean_custom_logo_tablet_max_width":0,"ocean_custom_logo_mobile_max_width":0,"ocean_custom_logo_max_height":0,"ocean_custom_logo_tablet_max_height":0,"ocean_custom_logo_mobile_max_height":0,"ocean_header_custom_menu":"0","ocean_menu_typo_font_family":"0","ocean_menu_typo_font_subset":"","ocean_menu_typo_font_size":0,"ocean_menu_typo_font_size_tablet":0,"ocean_menu_typo_font_size_mobile":0,"ocean_menu_typo_font_size_unit":"px","ocean_menu_typo_font_weight":"","ocean_menu_typo_font_weight_tablet":"","ocean_menu_typo_font_weight_mobile":"","ocean_menu_typo_transform":"","ocean_menu_typo_transform_tablet":"","ocean_menu_typo_transform_mobile":"","ocean_menu_typo_line_height":0,"ocean_menu_typo_line_height_tablet":0,"ocean_menu_typo_line_height_mobile":0,"ocean_menu_typo_line_height_unit":"","ocean_menu_typo_spacing":0,"ocean_menu_typo_spacing_tablet":0,"ocean_menu_typo_spacing_mobile":0,"ocean_menu_typo_spacing_unit":"","ocean_menu_link_color":"","ocean_menu_link_color_hover":"","ocean_menu_link_color_active":"","ocean_menu_link_background":"","ocean_menu_link_hover_background":"","ocean_menu_link_active_background":"","ocean_menu_social_links_bg":"","ocean_menu_social_hover_links_bg":"","ocean_menu_social_links_color":"","ocean_menu_social_hover_links_color":"","ocean_disable_title":"default","ocean_disable_heading":"default","ocean_post_title":"","ocean_post_subheading":"","ocean_post_title_style":"","ocean_post_title_background_color":"","ocean_post_title_background":0,"ocean_post_title_bg_image_position":"","ocean_post_title_bg_image_attachment":"","ocean_post_title_bg_image_repeat":"","ocean_post_title_bg_image_size":"","ocean_post_title_height":0,"ocean_post_title_bg_overlay":0.5,"ocean_post_title_bg_overlay_color":"","ocean_disable_breadcrumbs":"default","ocean_breadcrumbs_color":"","ocean_breadcrumbs_separator_color":"","ocean_breadcrumbs_links_color":"","ocean_breadcrumbs_links_hover_color":"","ocean_display_footer_widgets":"default","ocean_display_footer_bottom":"default","ocean_custom_footer_template":"0"},"product_brand":[],"product_cat":[68,69],"product_tag":[],"class_list":{"0":"post-1652","1":"product","2":"type-product","3":"status-publish","4":"has-post-thumbnail","6":"product_cat-barierki-u-11a-szczeblinkowe","7":"product_cat-dl-2m-barierki-u-11a-szczeblinkowe","9":"entry","10":"has-media","12":"first","13":"instock","14":"taxable","15":"shipping-taxable","16":"purchasable","17":"product-type-variable","18":"has-rating","19":"has-product-nav","20":"col","21":"span_1_of_3","22":"owp-content-center","23":"owp-thumbs-layout-horizontal","24":"owp-btn-normal","25":"owp-tabs-layout-horizontal","26":"has-no-thumbnails"},"_links":{"self":[{"href":"https:\/\/metalkos.eu\/sklep\/wp-json\/wp\/v2\/product\/1652","targetHints":{"allow":["GET"]}}],"collection":[{"href":"https:\/\/metalkos.eu\/sklep\/wp-json\/wp\/v2\/product"}],"about":[{"href":"https:\/\/metalkos.eu\/sklep\/wp-json\/wp\/v2\/types\/product"}],"replies":[{"embeddable":true,"href":"https:\/\/metalkos.eu\/sklep\/wp-json\/wp\/v2\/comments?post=1652"}],"wp:featuredmedia":[{"embeddable":true,"href":"https:\/\/metalkos.eu\/sklep\/wp-json\/wp\/v2\/media\/1694"}],"wp:attachment":[{"href":"https:\/\/metalkos.eu\/sklep\/wp-json\/wp\/v2\/media?parent=1652"}],"wp:term":[{"taxonomy":"product_brand","embeddable":true,"href":"https:\/\/metalkos.eu\/sklep\/wp-json\/wp\/v2\/product_brand?post=1652"},{"taxonomy":"product_cat","embeddable":true,"href":"https:\/\/metalkos.eu\/sklep\/wp-json\/wp\/v2\/product_cat?post=1652"},{"taxonomy":"product_tag","embeddable":true,"href":"https:\/\/metalkos.eu\/sklep\/wp-json\/wp\/v2\/product_tag?post=1652"}],"curies":[{"name":"wp","href":"https:\/\/api.w.org\/{rel}","templated":true}]}}