{"id":1864,"date":"2023-02-20T09:51:11","date_gmt":"2023-02-20T09:51:11","guid":{"rendered":"https:\/\/metalkos.eu\/sklep\/?post_type=product&#038;p=1864"},"modified":"2024-02-13T10:38:27","modified_gmt":"2024-02-13T10:38:27","slug":"slupek-blokujacy-o603-do-wbetonowania-bialo-czerwony","status":"publish","type":"product","link":"https:\/\/metalkos.eu\/sklep\/shop\/slupek-blokujacy-o603-do-wbetonowania-bialo-czerwony\/","title":{"rendered":"S\u0142upek blokuj\u0105cy \u00d860,3, do wbetonowania, bia\u0142o-czerwony"},"content":{"rendered":"<p><strong>S\u0142upek blokuj\u0105cy \u00d860,3\u00a0<\/strong><\/p>\n<p>Zastosowaniem s\u0142upk\u00f3w blokuj\u0105cych jest blokada wjazdu\u00a0 pojazd\u00f3w na chodniki, ci\u0105gi piesze, prywatne posesje, drogi rowerowe, drogi wewn\u0119trzne zamkni\u0119te dla ruchu. Dodatkowo s\u0142upki blokuj\u0105ce s\u0142u\u017c\u0105 do wyznaczania ci\u0105gu komunikacyjnego oraz informuj\u0105 uczestnik\u00f3w ruchu drogowego o zachowaniu szczeg\u00f3lnej ostro\u017cno\u015bci.<\/p>\n<p>&nbsp;<\/p>\n<p>Parametry techniczne:<\/p>\n<p>Wysoko\u015b\u0107: 1,1\/1,5m*<\/p>\n<p>\u015arednica: \u00d860,3mm<\/p>\n<p>Materia\u0142: Stal ocynkowana<\/p>\n<p>Malowanie: proszkowe, kolor do ustalenia, paleta RAL<\/p>\n<p>*do wyboru: na stopie do przykr\u0119cenia lub do zabetonowania<\/p>\n\n    <div class=\"xs_social_share_widget xs_share_url after_content \t\tmain_content  wslu-style-1 wslu-share-box-shaped wslu-fill-colored wslu-none wslu-share-horizontal wslu-theme-font-no wslu-main_content\">\n\n\t\t\n        <ul>\n\t\t\t        <\/ul>\n    <\/div> \n","protected":false},"excerpt":{"rendered":"<p>Producent: Metalkos<\/p>\n","protected":false},"featured_media":1843,"comment_status":"open","ping_status":"closed","template":"","meta":{"postBodyCss":"","postBodyMargin":[],"postBodyPadding":[],"postBodyBackground":{"backgroundType":"classic","gradient":""},"ocean_post_layout":"","ocean_both_sidebars_style":"","ocean_both_sidebars_content_width":0,"ocean_both_sidebars_sidebars_width":0,"ocean_sidebar":"0","ocean_second_sidebar":"0","ocean_disable_margins":"enable","ocean_add_body_class":"","ocean_shortcode_before_top_bar":"","ocean_shortcode_after_top_bar":"","ocean_shortcode_before_header":"","ocean_shortcode_after_header":"","ocean_has_shortcode":"","ocean_shortcode_after_title":"","ocean_shortcode_before_footer_widgets":"","ocean_shortcode_after_footer_widgets":"","ocean_shortcode_before_footer_bottom":"","ocean_shortcode_after_footer_bottom":"","ocean_display_top_bar":"default","ocean_display_header":"default","ocean_header_style":"","ocean_center_header_left_menu":"0","ocean_custom_header_template":"0","ocean_custom_logo":0,"ocean_custom_retina_logo":0,"ocean_custom_logo_max_width":0,"ocean_custom_logo_tablet_max_width":0,"ocean_custom_logo_mobile_max_width":0,"ocean_custom_logo_max_height":0,"ocean_custom_logo_tablet_max_height":0,"ocean_custom_logo_mobile_max_height":0,"ocean_header_custom_menu":"0","ocean_menu_typo_font_family":"0","ocean_menu_typo_font_subset":"","ocean_menu_typo_font_size":0,"ocean_menu_typo_font_size_tablet":0,"ocean_menu_typo_font_size_mobile":0,"ocean_menu_typo_font_size_unit":"px","ocean_menu_typo_font_weight":"","ocean_menu_typo_font_weight_tablet":"","ocean_menu_typo_font_weight_mobile":"","ocean_menu_typo_transform":"","ocean_menu_typo_transform_tablet":"","ocean_menu_typo_transform_mobile":"","ocean_menu_typo_line_height":0,"ocean_menu_typo_line_height_tablet":0,"ocean_menu_typo_line_height_mobile":0,"ocean_menu_typo_line_height_unit":"","ocean_menu_typo_spacing":0,"ocean_menu_typo_spacing_tablet":0,"ocean_menu_typo_spacing_mobile":0,"ocean_menu_typo_spacing_unit":"","ocean_menu_link_color":"","ocean_menu_link_color_hover":"","ocean_menu_link_color_active":"","ocean_menu_link_background":"","ocean_menu_link_hover_background":"","ocean_menu_link_active_background":"","ocean_menu_social_links_bg":"","ocean_menu_social_hover_links_bg":"","ocean_menu_social_links_color":"","ocean_menu_social_hover_links_color":"","ocean_disable_title":"default","ocean_disable_heading":"default","ocean_post_title":"","ocean_post_subheading":"","ocean_post_title_style":"","ocean_post_title_background_color":"","ocean_post_title_background":0,"ocean_post_title_bg_image_position":"","ocean_post_title_bg_image_attachment":"","ocean_post_title_bg_image_repeat":"","ocean_post_title_bg_image_size":"","ocean_post_title_height":0,"ocean_post_title_bg_overlay":0.5,"ocean_post_title_bg_overlay_color":"","ocean_disable_breadcrumbs":"default","ocean_breadcrumbs_color":"","ocean_breadcrumbs_separator_color":"","ocean_breadcrumbs_links_color":"","ocean_breadcrumbs_links_hover_color":"","ocean_display_footer_widgets":"default","ocean_display_footer_bottom":"default","ocean_custom_footer_template":"0"},"product_brand":[],"product_cat":[74,104,71],"product_tag":[],"class_list":{"0":"post-1864","1":"product","2":"type-product","3":"status-publish","4":"has-post-thumbnail","6":"product_cat-o-603","7":"product_cat-slupek-do-wbetonowania-o-603","8":"product_cat-slupki-blokujace","10":"entry","11":"has-media","13":"first","14":"instock","15":"taxable","16":"shipping-taxable","17":"purchasable","18":"product-type-simple","19":"has-product-nav","20":"col","21":"span_1_of_3","22":"owp-content-center","23":"owp-thumbs-layout-horizontal","24":"owp-btn-normal","25":"owp-tabs-layout-horizontal","26":"has-no-thumbnails"},"_links":{"self":[{"href":"https:\/\/metalkos.eu\/sklep\/wp-json\/wp\/v2\/product\/1864","targetHints":{"allow":["GET"]}}],"collection":[{"href":"https:\/\/metalkos.eu\/sklep\/wp-json\/wp\/v2\/product"}],"about":[{"href":"https:\/\/metalkos.eu\/sklep\/wp-json\/wp\/v2\/types\/product"}],"replies":[{"embeddable":true,"href":"https:\/\/metalkos.eu\/sklep\/wp-json\/wp\/v2\/comments?post=1864"}],"wp:featuredmedia":[{"embeddable":true,"href":"https:\/\/metalkos.eu\/sklep\/wp-json\/wp\/v2\/media\/1843"}],"wp:attachment":[{"href":"https:\/\/metalkos.eu\/sklep\/wp-json\/wp\/v2\/media?parent=1864"}],"wp:term":[{"taxonomy":"product_brand","embeddable":true,"href":"https:\/\/metalkos.eu\/sklep\/wp-json\/wp\/v2\/product_brand?post=1864"},{"taxonomy":"product_cat","embeddable":true,"href":"https:\/\/metalkos.eu\/sklep\/wp-json\/wp\/v2\/product_cat?post=1864"},{"taxonomy":"product_tag","embeddable":true,"href":"https:\/\/metalkos.eu\/sklep\/wp-json\/wp\/v2\/product_tag?post=1864"}],"curies":[{"name":"wp","href":"https:\/\/api.w.org\/{rel}","templated":true}]}}